{"id":1995,"date":"2023-11-10T10:14:34","date_gmt":"2023-11-10T09:14:34","guid":{"rendered":"https:\/\/levidence-coiffure.fr\/?page_id=1995"},"modified":"2023-11-10T10:43:41","modified_gmt":"2023-11-10T09:43:41","slug":"cookies","status":"publish","type":"page","link":"https:\/\/levidence-coiffure.fr\/index.php\/cookies\/","title":{"rendered":"Politique de cookies"},"content":{"rendered":"\t\t<div data-elementor-type=\"wp-page\" data-elementor-id=\"1995\" class=\"elementor elementor-1995\">\n\t\t\t\t<div class=\"elementor-element elementor-element-81daef3 e-flex e-con-boxed e-con e-parent\" data-id=\"81daef3\" data-element_type=\"container\" data-e-type=\"container\">\n\t\t\t\t\t<div class=\"e-con-inner\">\n\t\t\t\t<div class=\"elementor-element elementor-element-db4c3f7 elementor-widget elementor-widget-html\" data-id=\"db4c3f7\" data-element_type=\"widget\" data-e-type=\"widget\" data-widget_type=\"html.default\">\n\t\t\t\t<div class=\"elementor-widget-container\">\n\t\t\t\t\t<style>\n    a.cky-banner-element {\n        padding: 8px 30px;\n        background: #F8F9FA;\n        color: #858A8F;\n        border: 1px solid #DEE2E6;\n        box-sizing: border-box;\n        border-radius: 2px;\n        cursor: pointer;\n}\n<\/style>\n<h1 class=\"cookie-policy-h1\">Politique de Cookies<\/h1>\n<p>\n    Date d'effet : 10-nov-2023 <br>\n    Derni\u00e8re mise \u00e0 jour : 10-nov-2023\n<\/p>\n\n&nbsp;\n<h3>Qu'est-ce que les cookies ?<\/h3>\n<div class=\"cookie-policy-p\"><p>Cette Politique en mati\u00e8re de cookies explique ce que sont les cookies et comment nous les utilisons, les types de cookies que nous utilisons, c'est-\u00e0-dire les informations que nous collectons \u00e0 l'aide de cookies, comment ces informations sont utilis\u00e9es, et comment g\u00e9rer les param\u00e8tres des cookies.<\/p> <p>Les cookies sont de petits fichiers texte utilis\u00e9s pour stocker de petites quantit\u00e9s d'informations. Ils sont stock\u00e9s sur votre appareil lorsque le site est charg\u00e9 dans votre navigateur. Ces cookies nous aident \u00e0 faire fonctionner le site correctement, \u00e0 le rendre plus s\u00e9curis\u00e9, \u00e0 offrir une meilleure exp\u00e9rience utilisateur, et \u00e0 comprendre comment le site se comporte, quelles sont ses performances, et o\u00f9 des am\u00e9liorations sont n\u00e9cessaires.<\/p><\/div>\n\n&nbsp;\n<h3>Comment utilisons-nous les cookies ?<\/h3>\n<div class=\"cookie-policy-p\"><p>Comme la plupart des services en ligne, notre site utilise des cookies de premi\u00e8re et de troisi\u00e8me partie \u00e0 plusieurs fins. Les cookies de premi\u00e8re partie sont principalement n\u00e9cessaires au bon fonctionnement du site et ne collectent aucune de vos donn\u00e9es personnelles identifiables.<\/p> <p>Les cookies tiers utilis\u00e9s sur notre site visent principalement \u00e0 comprendre comment le site se comporte, comment vous interagissez avec lui, \u00e0 assurer la s\u00e9curit\u00e9 de nos services, \u00e0 afficher des publicit\u00e9s pertinentes, et, dans l'ensemble, \u00e0 vous offrir une exp\u00e9rience utilisateur meilleure et am\u00e9lior\u00e9e, tout en acc\u00e9l\u00e9rant vos interactions futures avec notre site.<\/p><\/div>\n\n&nbsp;\n    <h3>Types de cookies que nous utilisons<\/h3>\n\n    <div class=\"cky-audit-table-element\"><\/div>\n\n&nbsp;\n    <h4 style=\"margin-bottom:20px;\">G\u00e9rer les pr\u00e9f\u00e9rences de cookies<\/h4>\n\n    <a class=\"cky-banner-element\">R\u00e9glages des cookies<\/a> <br\/>\n\n&nbsp;\n    <div><p>Vous pouvez modifier vos pr\u00e9f\u00e9rences en mati\u00e8re de cookies \u00e0 tout moment en cliquant sur le bouton ci-dessus. Cela vous permettra de revoir la banni\u00e8re de consentement aux cookies et de modifier vos pr\u00e9f\u00e9rences ou de retirer imm\u00e9diatement votre consentement.<\/p> <p>De plus, diff\u00e9rents navigateurs offrent diff\u00e9rentes m\u00e9thodes pour bloquer et supprimer les cookies utilis\u00e9s par les sites web. Vous pouvez modifier les param\u00e8tres de votre navigateur pour bloquer\/supprimer les cookies. Ci-dessous, vous trouverez les liens vers les documents d'assistance expliquant comment g\u00e9rer et supprimer les cookies des principaux navigateurs web..<\/p> <p>Chrome: <a href=\"https:\/\/support.google.com\/accounts\/answer\/32050\" target=\"_blank\">https:\/\/support.google.com\/accounts\/answer\/32050<\/a><\/p><p>Safari: <a href=\"https:\/\/support.apple.com\/en-in\/guide\/safari\/sfri11471\/mac\" target=\"_blank\">https:\/\/support.apple.com\/en-in\/guide\/safari\/sfri11471\/mac<\/a><\/p><p>Firefox: <a href=\"https:\/\/support.mozilla.org\/en-US\/kb\/clear-cookies-and-site-data-firefox?redirectslug=delete-cookies-remove-info-websites-stored&redirectlocale=en-US\" target=\"_blank\">https:\/\/support.mozilla.org\/en-US\/kb\/clear-cookies-and-site-data-firefox?redirectslug=delete-cookies-remove-info-websites-stored&redirectlocale=en-US<\/a><\/p><p>Internet Explorer: <a href=\"https:\/\/support.microsoft.com\/en-us\/topic\/how-to-delete-cookie-files-in-internet-explorer-bca9446f-d873-78de-77ba-d42645fa52fc\" target=\"_blank\">https:\/\/support.microsoft.com\/en-us\/topic\/how-to-delete-cookie-files-in-internet-explorer-bca9446f-d873-78de-77ba-d42645fa52fc<\/a><\/p><p>Si vous utilisez un autre navigateur web, veuillez consulter les documents d'assistance officiels de votre navigateur.<\/p><\/div>\n\n\n&nbsp;\n<p class=\"cookie-policy-p\">\n    Politique en mati\u00e8re de cookies g\u00e9n\u00e9r\u00e9e par  <a target=\"_blank\" href=\"https:\/\/www.cookieyes.com\/?utm_source=CP&utm_medium=footer&utm_campaign=UW\">CookieYes - Cookie Policy Generator<\/a>.\n<\/p>\t\t\t\t<\/div>\n\t\t\t\t<\/div>\n\t\t\t\t\t<\/div>\n\t\t\t\t<\/div>\n\t\t\t\t<\/div>\n\t\t","protected":false},"excerpt":{"rendered":"<p>Politique de Cookies Date d&rsquo;effet : 10-nov-2023 Derni\u00e8re mise \u00e0 jour : 10-nov-2023 &nbsp; Qu&rsquo;est-ce que les cookies ? Cette Politique en mati\u00e8re de cookies&hellip;<\/p>\n","protected":false},"author":1,"featured_media":0,"parent":0,"menu_order":0,"comment_status":"closed","ping_status":"open","template":"","meta":{"footnotes":""},"class_list":["post-1995","page","type-page","status-publish","hentry"],"yoast_head":"<!-- This site is optimized with the Yoast SEO plugin v27.5 - https:\/\/yoast.com\/product\/yoast-seo-wordpress\/ -->\n<title>Politique de cookies - levidence-coiffure.fr<\/title>\n<meta name=\"robots\" content=\"index, follow, max-snippet:-1, max-image-preview:large, max-video-preview:-1\" \/>\n<link rel=\"canonical\" href=\"https:\/\/levidence-coiffure.fr\/index.php\/cookies\/\" \/>\n<meta property=\"og:locale\" content=\"fr_FR\" \/>\n<meta property=\"og:type\" content=\"article\" \/>\n<meta property=\"og:title\" content=\"Politique de cookies - levidence-coiffure.fr\" \/>\n<meta property=\"og:description\" content=\"Politique de Cookies Date d&rsquo;effet : 10-nov-2023 Derni\u00e8re mise \u00e0 jour : 10-nov-2023 &nbsp; Qu&rsquo;est-ce que les cookies ? Cette Politique en mati\u00e8re de cookies&hellip;\" \/>\n<meta property=\"og:url\" content=\"https:\/\/levidence-coiffure.fr\/index.php\/cookies\/\" \/>\n<meta property=\"og:site_name\" content=\"levidence-coiffure.fr\" \/>\n<meta property=\"article:modified_time\" content=\"2023-11-10T09:43:41+00:00\" \/>\n<meta name=\"twitter:card\" content=\"summary_large_image\" \/>\n<meta name=\"twitter:label1\" content=\"Dur\u00e9e de lecture estim\u00e9e\" \/>\n\t<meta name=\"twitter:data1\" content=\"2 minutes\" \/>\n<script type=\"application\/ld+json\" class=\"yoast-schema-graph\">{\"@context\":\"https:\\\/\\\/schema.org\",\"@graph\":[{\"@type\":\"WebPage\",\"@id\":\"https:\\\/\\\/levidence-coiffure.fr\\\/index.php\\\/cookies\\\/\",\"url\":\"https:\\\/\\\/levidence-coiffure.fr\\\/index.php\\\/cookies\\\/\",\"name\":\"Politique de cookies - levidence-coiffure.fr\",\"isPartOf\":{\"@id\":\"https:\\\/\\\/levidence-coiffure.fr\\\/#website\"},\"datePublished\":\"2023-11-10T09:14:34+00:00\",\"dateModified\":\"2023-11-10T09:43:41+00:00\",\"breadcrumb\":{\"@id\":\"https:\\\/\\\/levidence-coiffure.fr\\\/index.php\\\/cookies\\\/#breadcrumb\"},\"inLanguage\":\"fr-FR\",\"potentialAction\":[{\"@type\":\"ReadAction\",\"target\":[\"https:\\\/\\\/levidence-coiffure.fr\\\/index.php\\\/cookies\\\/\"]}]},{\"@type\":\"BreadcrumbList\",\"@id\":\"https:\\\/\\\/levidence-coiffure.fr\\\/index.php\\\/cookies\\\/#breadcrumb\",\"itemListElement\":[{\"@type\":\"ListItem\",\"position\":1,\"name\":\"Accueil\",\"item\":\"https:\\\/\\\/levidence-coiffure.fr\\\/\"},{\"@type\":\"ListItem\",\"position\":2,\"name\":\"Politique de cookies\"}]},{\"@type\":\"WebSite\",\"@id\":\"https:\\\/\\\/levidence-coiffure.fr\\\/#website\",\"url\":\"https:\\\/\\\/levidence-coiffure.fr\\\/\",\"name\":\"levidence-coiffure.fr\",\"description\":\"\",\"publisher\":{\"@id\":\"https:\\\/\\\/levidence-coiffure.fr\\\/#organization\"},\"potentialAction\":[{\"@type\":\"SearchAction\",\"target\":{\"@type\":\"EntryPoint\",\"urlTemplate\":\"https:\\\/\\\/levidence-coiffure.fr\\\/?s={search_term_string}\"},\"query-input\":{\"@type\":\"PropertyValueSpecification\",\"valueRequired\":true,\"valueName\":\"search_term_string\"}}],\"inLanguage\":\"fr-FR\"},{\"@type\":\"Organization\",\"@id\":\"https:\\\/\\\/levidence-coiffure.fr\\\/#organization\",\"name\":\"levidence-coiffure.fr\",\"url\":\"https:\\\/\\\/levidence-coiffure.fr\\\/\",\"logo\":{\"@type\":\"ImageObject\",\"inLanguage\":\"fr-FR\",\"@id\":\"https:\\\/\\\/levidence-coiffure.fr\\\/#\\\/schema\\\/logo\\\/image\\\/\",\"url\":\"https:\\\/\\\/levidence-coiffure.fr\\\/wp-content\\\/uploads\\\/2023\\\/10\\\/logo-texte.png\",\"contentUrl\":\"https:\\\/\\\/levidence-coiffure.fr\\\/wp-content\\\/uploads\\\/2023\\\/10\\\/logo-texte.png\",\"width\":3000,\"height\":860,\"caption\":\"levidence-coiffure.fr\"},\"image\":{\"@id\":\"https:\\\/\\\/levidence-coiffure.fr\\\/#\\\/schema\\\/logo\\\/image\\\/\"}}]}<\/script>\n<!-- \/ Yoast SEO plugin. -->","yoast_head_json":{"title":"Politique de cookies - levidence-coiffure.fr","robots":{"index":"index","follow":"follow","max-snippet":"max-snippet:-1","max-image-preview":"max-image-preview:large","max-video-preview":"max-video-preview:-1"},"canonical":"https:\/\/levidence-coiffure.fr\/index.php\/cookies\/","og_locale":"fr_FR","og_type":"article","og_title":"Politique de cookies - levidence-coiffure.fr","og_description":"Politique de Cookies Date d&rsquo;effet : 10-nov-2023 Derni\u00e8re mise \u00e0 jour : 10-nov-2023 &nbsp; Qu&rsquo;est-ce que les cookies ? Cette Politique en mati\u00e8re de cookies&hellip;","og_url":"https:\/\/levidence-coiffure.fr\/index.php\/cookies\/","og_site_name":"levidence-coiffure.fr","article_modified_time":"2023-11-10T09:43:41+00:00","twitter_card":"summary_large_image","twitter_misc":{"Dur\u00e9e de lecture estim\u00e9e":"2 minutes"},"schema":{"@context":"https:\/\/schema.org","@graph":[{"@type":"WebPage","@id":"https:\/\/levidence-coiffure.fr\/index.php\/cookies\/","url":"https:\/\/levidence-coiffure.fr\/index.php\/cookies\/","name":"Politique de cookies - levidence-coiffure.fr","isPartOf":{"@id":"https:\/\/levidence-coiffure.fr\/#website"},"datePublished":"2023-11-10T09:14:34+00:00","dateModified":"2023-11-10T09:43:41+00:00","breadcrumb":{"@id":"https:\/\/levidence-coiffure.fr\/index.php\/cookies\/#breadcrumb"},"inLanguage":"fr-FR","potentialAction":[{"@type":"ReadAction","target":["https:\/\/levidence-coiffure.fr\/index.php\/cookies\/"]}]},{"@type":"BreadcrumbList","@id":"https:\/\/levidence-coiffure.fr\/index.php\/cookies\/#breadcrumb","itemListElement":[{"@type":"ListItem","position":1,"name":"Accueil","item":"https:\/\/levidence-coiffure.fr\/"},{"@type":"ListItem","position":2,"name":"Politique de cookies"}]},{"@type":"WebSite","@id":"https:\/\/levidence-coiffure.fr\/#website","url":"https:\/\/levidence-coiffure.fr\/","name":"levidence-coiffure.fr","description":"","publisher":{"@id":"https:\/\/levidence-coiffure.fr\/#organization"},"potentialAction":[{"@type":"SearchAction","target":{"@type":"EntryPoint","urlTemplate":"https:\/\/levidence-coiffure.fr\/?s={search_term_string}"},"query-input":{"@type":"PropertyValueSpecification","valueRequired":true,"valueName":"search_term_string"}}],"inLanguage":"fr-FR"},{"@type":"Organization","@id":"https:\/\/levidence-coiffure.fr\/#organization","name":"levidence-coiffure.fr","url":"https:\/\/levidence-coiffure.fr\/","logo":{"@type":"ImageObject","inLanguage":"fr-FR","@id":"https:\/\/levidence-coiffure.fr\/#\/schema\/logo\/image\/","url":"https:\/\/levidence-coiffure.fr\/wp-content\/uploads\/2023\/10\/logo-texte.png","contentUrl":"https:\/\/levidence-coiffure.fr\/wp-content\/uploads\/2023\/10\/logo-texte.png","width":3000,"height":860,"caption":"levidence-coiffure.fr"},"image":{"@id":"https:\/\/levidence-coiffure.fr\/#\/schema\/logo\/image\/"}}]}},"_links":{"self":[{"href":"https:\/\/levidence-coiffure.fr\/index.php\/wp-json\/wp\/v2\/pages\/1995","targetHints":{"allow":["GET"]}}],"collection":[{"href":"https:\/\/levidence-coiffure.fr\/index.php\/wp-json\/wp\/v2\/pages"}],"about":[{"href":"https:\/\/levidence-coiffure.fr\/index.php\/wp-json\/wp\/v2\/types\/page"}],"author":[{"embeddable":true,"href":"https:\/\/levidence-coiffure.fr\/index.php\/wp-json\/wp\/v2\/users\/1"}],"replies":[{"embeddable":true,"href":"https:\/\/levidence-coiffure.fr\/index.php\/wp-json\/wp\/v2\/comments?post=1995"}],"version-history":[{"count":7,"href":"https:\/\/levidence-coiffure.fr\/index.php\/wp-json\/wp\/v2\/pages\/1995\/revisions"}],"predecessor-version":[{"id":2002,"href":"https:\/\/levidence-coiffure.fr\/index.php\/wp-json\/wp\/v2\/pages\/1995\/revisions\/2002"}],"wp:attachment":[{"href":"https:\/\/levidence-coiffure.fr\/index.php\/wp-json\/wp\/v2\/media?parent=1995"}],"curies":[{"name":"wp","href":"https:\/\/api.w.org\/{rel}","templated":true}]}}